{"id":6163,"date":"2026-03-30T09:43:53","date_gmt":"2026-03-30T09:43:53","guid":{"rendered":"https:\/\/oracleconraul.com\/?page_id=6163"},"modified":"2026-05-05T22:23:20","modified_gmt":"2026-05-05T22:23:20","slug":"sobre-mi","status":"publish","type":"page","link":"https:\/\/oracleconraul.com\/index.php\/sobre-mi\/","title":{"rendered":"Sobre m\u00ed"},"content":{"rendered":"\n<div style=\"height:100px\" aria-hidden=\"true\" class=\"wp-block-spacer\"><\/div>\n\n\n\n<h2 class=\"wp-block-heading\" id=\"Acerca_de_m\u00ed\"><\/h2>\n\n\n\n<figure class=\"wp-block-image size-full is-resized is-style-default\"><img fetchpriority=\"high\" decoding=\"async\" width=\"642\" height=\"800\" src=\"https:\/\/oracleconraul.com\/wp-content\/uploads\/2021\/08\/img_20170923_190007-1.jpg\" alt=\"\" class=\"wp-image-27\" style=\"aspect-ratio:1;object-fit:contain;width:308px;height:auto\" srcset=\"https:\/\/oracleconraul.com\/wp-content\/uploads\/2021\/08\/img_20170923_190007-1.jpg 642w, https:\/\/oracleconraul.com\/wp-content\/uploads\/2021\/08\/img_20170923_190007-1-241x300.jpg 241w\" sizes=\"(max-width: 642px) 100vw, 642px\" \/><\/figure>\n\n\n\n<p>Ra\u00fal Gonz\u00e1lez<\/p>\n\n\n\n<p>Mi nombre es Ra\u00fal, cuento con m\u00e1s de 20 a\u00f1os de experiencia en el mundo IT muy enfocados a las bases de datos, especialmente el mundo Oracle.<br>Trabajo como Responsable de Base de datos en una compa\u00f1\u00eda financiera, muy enfocado a Oracle, y&nbsp;tengo experiencia en menor medida en otras bases de datos.<br>Apasionado por seguir aprendiendo, creciendo y divirti\u00e9ndome en todo lo relacionado a las bases de datos y el mundo cloud, de ah\u00ed surge la idea de crear esta p\u00e1gina. Mi intenci\u00f3n es que se trate de una p\u00e1gina \u00ababierta\u00bb, donde podr\u00e1s crear, opinar, colaborar con art\u00edculos si as\u00ed lo deseas.<\/p>\n\n\n\n<p>Todos los puntos de vista, opiniones, comentarios expresados por m\u00ed en esta web, son a t\u00edtulo personal. Consulta siempre la documentaci\u00f3n oficial del fabricante de software. Por tanto, recomiendo siempre que se pruebe cualquier recomendaci\u00f3n de esta p\u00e1gina en entornos de test y nunca en entornos de producci\u00f3n hasta asegurarse que su aplicaci\u00f3n se realizar\u00e1 de forma correcta.<\/p>\n\n\n\n<p><br>La idea de hacer la p\u00e1gina en castellano, es porque, especialmente en Oracle creo que faltan p\u00e1ginas especializadas para aquellas personas que necesitan tener los art\u00edculos en su lengua materna. Pero como sabr\u00e1s tendr\u00e1s que al menos, defenderte en Ingl\u00e9s para poder seguir creciendo, ya que la mayor\u00eda de documentaci\u00f3n est\u00e1 en este idioma.<br>Y ahora a disfrutar\u2026<\/p>\n\n\n\n<p><strong>Oracle ACE:<\/strong><\/p>\n\n\n\n<figure class=\"wp-block-image size-full is-resized\"><img decoding=\"async\" width=\"512\" height=\"512\" src=\"https:\/\/oracleconraul.com\/wp-content\/uploads\/2026\/04\/badge-ace-associate-2026-sq.png\" alt=\"\" class=\"wp-image-6191\" style=\"width:120px;height:auto\" srcset=\"https:\/\/oracleconraul.com\/wp-content\/uploads\/2026\/04\/badge-ace-associate-2026-sq.png 512w, https:\/\/oracleconraul.com\/wp-content\/uploads\/2026\/04\/badge-ace-associate-2026-sq-300x300.png 300w, https:\/\/oracleconraul.com\/wp-content\/uploads\/2026\/04\/badge-ace-associate-2026-sq-150x150.png 150w\" sizes=\"(max-width: 512px) 100vw, 512px\" \/><\/figure>\n\n\n\n<p>Oracle ACE Apprentice : <a href=\"https:\/\/ace.oracle.com\/ords\/ace\/profile\/rgpinto\" target=\"_blank\" rel=\"noreferrer noopener\">https:\/\/ace.oracle.com\/ords\/ace\/profile\/rgpinto<\/a><\/p>\n\n\n\n<p><strong>Alguna de mis certificaciones \/ cursos:<\/strong><\/p>\n\n\n\n<figure class=\"wp-block-image size-full is-resized\"><img decoding=\"async\" width=\"323\" height=\"356\" src=\"http:\/\/oracleconraul.com\/wp-content\/uploads\/2023\/05\/image.png\" alt=\"\" class=\"wp-image-2377\" style=\"width:145px;height:160px\" srcset=\"https:\/\/oracleconraul.com\/wp-content\/uploads\/2023\/05\/image.png 323w, https:\/\/oracleconraul.com\/wp-content\/uploads\/2023\/05\/image-272x300.png 272w\" sizes=\"(max-width: 323px) 100vw, 323px\" \/><\/figure>\n\n\n\n<p>4X OCP Certified (9i,11g,12c,19C)<br>IBM Data Engineering \u2013 Professional Certificate<br>Oracle Cloud Infrastructure Architect Associate<br>Oracle Exadata Database Machine and Cloud Service Certified Implementation Specialist<br>Oracle Autonomous Database Cloud Certified Specialist<br>Oracle Cloud Platform Data Management 2020 Certified Specialist<br>Oracle Cloud Infrastructure 2023 Multicloud Architect Associate<br>Oracle Autonomous Database Cloud 2023 Certified Professional<br>Oracle Exadata Database Machine X9M Certified Implementation Specialist<br>AWS Cloud Quest: Cloud Practitioner<br>AWS Cloud Solutions Architect \u2013 Coursera<br><\/p>\n","protected":false},"excerpt":{"rendered":"<p>Ra\u00fal Gonz\u00e1lez Mi nombre es Ra\u00fal, cuento con m\u00e1s de 20 a\u00f1os de experiencia en el mundo IT muy enfocados a las bases de datos, especialmente el mundo Oracle.Trabajo como Responsable de Base de datos en una compa\u00f1\u00eda financiera, muy enfocado a Oracle, y&nbsp;tengo experiencia en menor medida en otras bases de datos.Apasionado por seguir<\/p>\n<div class=\"more-link\">\n\t\t\t\t <a href=\"https:\/\/oracleconraul.com\/index.php\/sobre-mi\/\" class=\"link-btn theme-btn\"><span>Read More <\/span> <i class=\"fa fa-caret-right\"><\/i><\/a>\n\t\t\t<\/div>\n","protected":false},"author":1,"featured_media":0,"parent":0,"menu_order":0,"comment_status":"closed","ping_status":"closed","template":"","meta":{"wpupg_custom_link":[],"wpupg_custom_link_behaviour":[],"wpupg_custom_link_nofollow":[],"wpupg_custom_image":[],"wpupg_custom_image_id":[],"_monsterinsights_skip_tracking":false,"_monsterinsights_sitenote_active":false,"_monsterinsights_sitenote_note":"","_monsterinsights_sitenote_category":0,"_uf_show_specific_survey":0,"_uf_disable_surveys":false,"footnotes":""},"class_list":["post-6163","page","type-page","status-publish","hentry"],"_links":{"self":[{"href":"https:\/\/oracleconraul.com\/index.php\/wp-json\/wp\/v2\/pages\/6163","targetHints":{"allow":["GET"]}}],"collection":[{"href":"https:\/\/oracleconraul.com\/index.php\/wp-json\/wp\/v2\/pages"}],"about":[{"href":"https:\/\/oracleconraul.com\/index.php\/wp-json\/wp\/v2\/types\/page"}],"author":[{"embeddable":true,"href":"https:\/\/oracleconraul.com\/index.php\/wp-json\/wp\/v2\/users\/1"}],"replies":[{"embeddable":true,"href":"https:\/\/oracleconraul.com\/index.php\/wp-json\/wp\/v2\/comments?post=6163"}],"version-history":[{"count":20,"href":"https:\/\/oracleconraul.com\/index.php\/wp-json\/wp\/v2\/pages\/6163\/revisions"}],"predecessor-version":[{"id":6330,"href":"https:\/\/oracleconraul.com\/index.php\/wp-json\/wp\/v2\/pages\/6163\/revisions\/6330"}],"wp:attachment":[{"href":"https:\/\/oracleconraul.com\/index.php\/wp-json\/wp\/v2\/media?parent=6163"}],"curies":[{"name":"wp","href":"https:\/\/api.w.org\/{rel}","templated":true}]}}